{"id":11,"date":"2025-09-17T18:37:13","date_gmt":"2025-09-17T11:37:13","guid":{"rendered":"https:\/\/dichvuxecapcuu247.vn\/?page_id=11"},"modified":"2025-09-17T22:27:10","modified_gmt":"2025-09-17T15:27:10","slug":"lien-he","status":"publish","type":"page","link":"https:\/\/xecuuthuonghanoi.vn\/thue-xe-cap-cuu-tai-ha-noi\/lien-he\/","title":{"rendered":"Li\u00ean h\u1ec7"},"content":{"rendered":"<div>\n<h1>Th\u1eddi gian l\u00e0m vi\u1ec7c<\/h1>\n<div>Ch\u00fang t\u00f4i m\u1edf c\u1eeda t\u1ea5t c\u1ea3 c\u00e1c ng\u00e0y trong tu\u1ea7n, k\u1ec3 c\u1ea3 ng\u00e0y l\u1ec5, T\u1ebft.<\/div>\n<\/div>\n<div>\n<div><a class=\"yoo-hotline-number\" href=\"tel:0975909115\">0975 909 115<\/a>*<\/div>\n<p>G\u1ecdi ngay cho ch\u00fang t\u00f4i!<\/p>\n<div>*C\u01b0\u1edbc g\u1ecdi nh\u01b0 c\u00e1c cu\u1ed9c g\u1ecdi th\u00f4ng th\u01b0\u1eddng<\/p>\n<hr class=\"uk-margin-large-top uk-margin-large-bottom\">\n<h2 class=\"uk-h5 uk-text-primary\">Ch\u0103m S\u00f3c T\u1eadn T\u00e2m v\u00e0 Nh\u00e2n V\u0103n<\/h2>\n<p>\nCh\u00fang t\u00f4i lu\u00f4n \u0111\u1eb7t s\u1ef1 an to\u00e0n v\u00e0 s\u1ee9c kh\u1ecfe c\u1ee7a b\u1ec7nh nh\u00e2n l\u00ean h\u00e0ng \u0111\u1ea7u, v\u1edbi tinh th\u1ea7n t\u1eadn t\u00e2m v\u00e0 nh\u00e2n v\u0103n trong m\u1ecdi d\u1ecbch v\u1ee5.<\/p>\n<\/div>\n<\/div>\n<div>\n<p>21.0312,105.8547<\/p>\n<h3>Dublin Office<\/h3>\n<div>H\u00e0 n\u1ed9i<\/div>\n<\/div>\n<p><!--more--><br \/>\n<!-- {\"type\":\"layout\",\"children\":[{\"name\":\"Opening hours\",\"type\":\"section\",\"props\":{\"animation\":\"fade\",\"header_transparent\":false,\"header_transparent_text_color\":\"dark\",\"height_viewport\":false,\"image_effect\":\"parallax\",\"image_parallax_bgy\":\"-250,10\",\"image_parallax_easing\":\"1\",\"image_position\":\"center-center\",\"media_visibility\":\"m\",\"padding_remove_top\":false,\"style\":\"default\",\"title_breakpoint\":\"xl\",\"title_position\":\"top-left\",\"title_rotation\":\"left\",\"vertical_align\":\"\",\"width\":\"default\"},\"children\":[{\"type\":\"row\",\"props\":{\"divider\":false,\"layout\":\"1-2,1-2\",\"margin\":\"default\"},\"children\":[{\"type\":\"column\",\"props\":{\"image_position\":\"center-center\",\"position_sticky_breakpoint\":\"m\",\"vertical_align\":\"middle\",\"width_large\":\"1-2\"},\"children\":[{\"type\":\"panel\",\"props\":{\"content\":\"Ch\\u00fang t\\u00f4i m\\u1edf c\\u1eeda t\\u1ea5t c\\u1ea3 c\\u00e1c ng\\u00e0y trong tu\\u1ea7n, k\\u1ec3 c\\u1ea3 ng\\u00e0y l\\u1ec5, T\\u1ebft.\",\"content_column_breakpoint\":\"m\",\"icon_width\":80,\"image_align\":\"top\",\"image_grid_breakpoint\":\"m\",\"image_grid_width\":\"1-2\",\"image_svg_color\":\"emphasis\",\"link_style\":\"default\",\"link_text\":\"Read more\",\"margin\":\"large\",\"maxwidth\":\"large\",\"maxwidth_breakpoint\":\"l\",\"meta_align\":\"below-title\",\"meta_element\":\"div\",\"meta_style\":\"text-meta\",\"text_align\":\"left\",\"text_align_breakpoint\":\"l\",\"text_align_fallback\":\"center\",\"title\":\"Th\\u1eddi gian l\\u00e0m vi\\u1ec7c\",\"title_align\":\"top\",\"title_element\":\"h1\",\"title_grid_breakpoint\":\"m\",\"title_grid_width\":\"1-2\",\"title_hover_style\":\"reset\",\"title_style\":\"heading-small\"}}]},{\"type\":\"column\",\"props\":{\"image_position\":\"center-center\",\"position_sticky_breakpoint\":\"m\",\"vertical_align\":\"middle\",\"width_large\":\"1-2\"},\"children\":[{\"type\":\"panel\",\"props\":{\"block_align\":\"right\",\"content\":\"*C\\u01b0\\u1edbc g\\u1ecdi nh\\u01b0 c\\u00e1c cu\\u1ed9c g\\u1ecdi th\\u00f4ng th\\u01b0\\u1eddng\\n\\n\n\n<hr class=\\\"uk-margin-large-top uk-margin-large-bottom\\\">\\n\\n\n\n<h2 class=\\\"uk-h5 uk-text-primary\\\">Ch\\u0103m S\\u00f3c T\\u1eadn T\\u00e2m v\\u00e0 Nh\\u00e2n V\\u0103n<\\\/h2>\\n\n\n<p>\\nCh\\u00fang t\\u00f4i lu\\u00f4n \\u0111\\u1eb7t s\\u1ef1 an to\\u00e0n v\\u00e0 s\\u1ee9c kh\\u1ecfe c\\u1ee7a b\\u1ec7nh nh\\u00e2n l\\u00ean h\\u00e0ng \\u0111\\u1ea7u, v\\u1edbi tinh th\\u1ea7n t\\u1eadn t\\u00e2m v\\u00e0 nh\\u00e2n v\\u0103n trong m\\u1ecdi d\\u1ecbch v\\u1ee5.<\\\/p>\",\"content_column_breakpoint\":\"m\",\"icon_width\":80,\"image_align\":\"top\",\"image_grid_breakpoint\":\"m\",\"image_grid_width\":\"1-2\",\"image_svg_color\":\"emphasis\",\"link_style\":\"default\",\"link_text\":\"Read more\",\"margin\":\"default\",\"maxwidth\":\"xlarge\",\"maxwidth_breakpoint\":\"l\",\"meta\":\"G\\u1ecdi ngay cho ch\\u00fang t\\u00f4i!\",\"meta_align\":\"above-title\",\"meta_element\":\"h2\",\"meta_style\":\"h5\",\"panel_padding\":\"large\",\"panel_style\":\"card-default\",\"text_align\":\"left\",\"text_align_breakpoint\":\"l\",\"text_align_fallback\":\"center\",\"title\":\"[yoo_hotline_number]*\",\"title_align\":\"top\",\"title_element\":\"div\",\"title_grid_breakpoint\":\"m\",\"title_grid_width\":\"1-2\",\"title_hover_style\":\"reset\",\"title_style\":\"heading-small\"}}]}]}]},{\"name\":\"Findus\",\"type\":\"section\",\"props\":{\"animation\":\"fade\",\"image\":\"wp-content\\\/uploads\\\/2025\\\/09\\\/3-1.jpg\",\"image_effect\":\"parallax\",\"image_loading\":true,\"image_parallax_bgy\":\"-10,90\",\"image_parallax_breakpoint\":\"m\",\"image_parallax_easing\":\"1\",\"image_position\":\"top-center\",\"image_size\":\"cover\",\"media_overlay\":\"rgba(228, 226, 226, 0.3)\",\"media_visibility\":\"l\",\"padding\":\"large\",\"style\":\"default\",\"title_breakpoint\":\"xl\",\"title_position\":\"top-left\",\"title_rotation\":\"left\",\"vertical_align\":\"\",\"width\":\"xlarge\"},\"children\":[{\"type\":\"row\",\"children\":[{\"type\":\"column\",\"props\":{\"image_position\":\"center-center\",\"position_sticky_breakpoint\":\"m\",\"width_medium\":\"1-1\"},\"children\":[{\"type\":\"map\",\"props\":{\"controls\":false,\"dragging\":false,\"height\":\"490\",\"image_svg_color\":\"emphasis\",\"link_style\":\"default\",\"link_text\":\"Read more\",\"margin\":\"default\",\"max_zoom\":18,\"meta_align\":\"below-title\",\"meta_element\":\"div\",\"meta_style\":\"text-meta\",\"min_zoom\":0,\"poi\":false,\"show_content\":true,\"show_image\":true,\"show_link\":true,\"show_meta\":true,\"show_title\":true,\"styler_gamma\":1.1,\"styler_invert_lightness\":true,\"styler_lightness\":-11,\"styler_saturation\":-100,\"title_element\":\"h3\",\"title_hover_style\":\"reset\",\"type\":\"roadmap\",\"zoom\":\"15\",\"zooming\":false},\"children\":[{\"type\":\"map_item\",\"props\":{\"content\":\"H\\u00e0 n\\u1ed9i\",\"hide\":false,\"location\":\"21.0312,105.8547\",\"show_popup\":false,\"title\":\"Dublin Office\"}}]}]}]}]}],\"version\":\"4.5.27\"} --><\/p>\n","protected":false},"excerpt":{"rendered":"<p>Th\u1eddi gian l\u00e0m vi\u1ec7c Ch\u00fang t\u00f4i m\u1edf c\u1eeda t\u1ea5t c\u1ea3 c\u00e1c ng\u00e0y trong tu\u1ea7n, k\u1ec3 c\u1ea3 ng\u00e0y l\u1ec5, T\u1ebft. * G\u1ecdi ngay cho ch\u00fang t\u00f4i! *C\u01b0\u1edbc g\u1ecdi nh\u01b0 c\u00e1c cu\u1ed9c g\u1ecdi th\u00f4ng th\u01b0\u1eddng Ch\u0103m S\u00f3c T\u1eadn T\u00e2m v\u00e0 Nh\u00e2n V\u0103n Ch\u00fang t\u00f4i lu\u00f4n \u0111\u1eb7t s\u1ef1 an to\u00e0n v\u00e0 s\u1ee9c kh\u1ecfe c\u1ee7a b\u1ec7nh nh\u00e2n l\u00ean h\u00e0ng [&hellip;]<\/p>\n","protected":false},"author":1,"featured_media":0,"parent":0,"menu_order":0,"comment_status":"closed","ping_status":"closed","template":"","meta":{"footnotes":""},"class_list":["post-11","page","type-page","status-publish","hentry"],"yoast_head":"<!-- This site is optimized with the Yoast SEO plugin v27.5 - https:\/\/yoast.com\/product\/yoast-seo-wordpress\/ -->\n<title>Li\u00ean h\u1ec7 - Xe C\u1ee9u Th\u01b0\u01a1ng H\u00e0 N\u1ed9i 24\/7 - C\u00f3 Xe Ngay Sau 5-10 Ph\u00fat<\/title>\n<meta name=\"robots\" content=\"noindex, follow, max-snippet:-1, max-image-preview:large, max-video-preview:-1\" \/>\n<meta property=\"og:locale\" content=\"vi_VN\" \/>\n<meta property=\"og:type\" content=\"article\" \/>\n<meta property=\"og:title\" content=\"Li\u00ean h\u1ec7 - Xe C\u1ee9u Th\u01b0\u01a1ng H\u00e0 N\u1ed9i 24\/7 - C\u00f3 Xe Ngay Sau 5-10 Ph\u00fat\" \/>\n<meta property=\"og:description\" content=\"Th\u1eddi gian l\u00e0m vi\u1ec7c Ch\u00fang t\u00f4i m\u1edf c\u1eeda t\u1ea5t c\u1ea3 c\u00e1c ng\u00e0y trong tu\u1ea7n, k\u1ec3 c\u1ea3 ng\u00e0y l\u1ec5, T\u1ebft. * G\u1ecdi ngay cho ch\u00fang t\u00f4i! *C\u01b0\u1edbc g\u1ecdi nh\u01b0 c\u00e1c cu\u1ed9c g\u1ecdi th\u00f4ng th\u01b0\u1eddng Ch\u0103m S\u00f3c T\u1eadn T\u00e2m v\u00e0 Nh\u00e2n V\u0103n Ch\u00fang t\u00f4i lu\u00f4n \u0111\u1eb7t s\u1ef1 an to\u00e0n v\u00e0 s\u1ee9c kh\u1ecfe c\u1ee7a b\u1ec7nh nh\u00e2n l\u00ean h\u00e0ng [&hellip;]\" \/>\n<meta property=\"og:url\" content=\"https:\/\/xecuuthuonghanoi.vn\/thue-xe-cap-cuu-tai-ha-noi\/lien-he\/\" \/>\n<meta property=\"og:site_name\" content=\"Xe C\u1ee9u Th\u01b0\u01a1ng H\u00e0 N\u1ed9i 24\/7 - C\u00f3 Xe Ngay Sau 5-10 Ph\u00fat\" \/>\n<meta property=\"article:modified_time\" content=\"2025-09-17T15:27:10+00:00\" \/>\n<meta property=\"og:image\" content=\"https:\/\/xecuuthuonghanoi.vn\/thue-xe-cap-cuu-tai-ha-noi\/wp-content\/uploads\/2026\/03\/6b1ff9792ff1a1aff8e01.jpg\" \/>\n\t<meta property=\"og:image:width\" content=\"1024\" \/>\n\t<meta property=\"og:image:height\" content=\"1024\" \/>\n\t<meta property=\"og:image:type\" content=\"image\/jpeg\" \/>\n<meta name=\"twitter:card\" content=\"summary_large_image\" \/>\n<meta name=\"twitter:label1\" content=\"\u01af\u1edbc t\u00ednh th\u1eddi gian \u0111\u1ecdc\" \/>\n\t<meta name=\"twitter:data1\" content=\"1 ph\u00fat\" \/>\n<script type=\"application\/ld+json\" class=\"yoast-schema-graph\">{\"@context\":\"https:\\\/\\\/schema.org\",\"@graph\":[{\"@type\":\"WebPage\",\"@id\":\"https:\\\/\\\/xecuuthuonghanoi.vn\\\/thue-xe-cap-cuu-tai-ha-noi\\\/lien-he\\\/\",\"url\":\"https:\\\/\\\/xecuuthuonghanoi.vn\\\/thue-xe-cap-cuu-tai-ha-noi\\\/lien-he\\\/\",\"name\":\"Li\u00ean h\u1ec7 - Xe C\u1ee9u Th\u01b0\u01a1ng H\u00e0 N\u1ed9i 24\\\/7 - C\u00f3 Xe Ngay Sau 5-10 Ph\u00fat\",\"isPartOf\":{\"@id\":\"https:\\\/\\\/xecuuthuonghanoi.vn\\\/thue-xe-cap-cuu-tai-ha-noi\\\/#website\"},\"datePublished\":\"2025-09-17T11:37:13+00:00\",\"dateModified\":\"2025-09-17T15:27:10+00:00\",\"breadcrumb\":{\"@id\":\"https:\\\/\\\/xecuuthuonghanoi.vn\\\/thue-xe-cap-cuu-tai-ha-noi\\\/lien-he\\\/#breadcrumb\"},\"inLanguage\":\"vi\",\"potentialAction\":[{\"@type\":\"ReadAction\",\"target\":[\"https:\\\/\\\/xecuuthuonghanoi.vn\\\/thue-xe-cap-cuu-tai-ha-noi\\\/lien-he\\\/\"]}]},{\"@type\":\"BreadcrumbList\",\"@id\":\"https:\\\/\\\/xecuuthuonghanoi.vn\\\/thue-xe-cap-cuu-tai-ha-noi\\\/lien-he\\\/#breadcrumb\",\"itemListElement\":[{\"@type\":\"ListItem\",\"position\":1,\"name\":\"Trang ch\u1ee7\",\"item\":\"https:\\\/\\\/xecuuthuonghanoi.vn\\\/thue-xe-cap-cuu-tai-ha-noi\\\/\"},{\"@type\":\"ListItem\",\"position\":2,\"name\":\"Li\u00ean h\u1ec7\"}]},{\"@type\":\"WebSite\",\"@id\":\"https:\\\/\\\/xecuuthuonghanoi.vn\\\/thue-xe-cap-cuu-tai-ha-noi\\\/#website\",\"url\":\"https:\\\/\\\/xecuuthuonghanoi.vn\\\/thue-xe-cap-cuu-tai-ha-noi\\\/\",\"name\":\"D\u1ecbch V\u1ee5 xe C\u1ee9u Th\u01b0\u01a1ng - xe C\u1ea5p C\u1ee9u t\u1ea1i H\u00e0 N\u1ed9i, Nhanh ch\u00f3ng - Uy T\u00edn -Gi\u00e1 R\u1ebb\",\"description\":\"G\u1ecdi Xe C\u00f3 Ngay - Ph\u1ee5c V\u1ee5 To\u00e0n Qu\u1ed1c\",\"publisher\":{\"@id\":\"https:\\\/\\\/xecuuthuonghanoi.vn\\\/thue-xe-cap-cuu-tai-ha-noi\\\/#\\\/schema\\\/person\\\/c578e0f30c1034926a7b32302f1f13cb\"},\"potentialAction\":[{\"@type\":\"SearchAction\",\"target\":{\"@type\":\"EntryPoint\",\"urlTemplate\":\"https:\\\/\\\/xecuuthuonghanoi.vn\\\/thue-xe-cap-cuu-tai-ha-noi\\\/?s={search_term_string}\"},\"query-input\":{\"@type\":\"PropertyValueSpecification\",\"valueRequired\":true,\"valueName\":\"search_term_string\"}}],\"inLanguage\":\"vi\"},{\"@type\":[\"Person\",\"Organization\"],\"@id\":\"https:\\\/\\\/xecuuthuonghanoi.vn\\\/thue-xe-cap-cuu-tai-ha-noi\\\/#\\\/schema\\\/person\\\/c578e0f30c1034926a7b32302f1f13cb\",\"name\":\"admin\",\"image\":{\"@type\":\"ImageObject\",\"inLanguage\":\"vi\",\"@id\":\"https:\\\/\\\/xecuuthuonghanoi.vn\\\/thue-xe-cap-cuu-tai-ha-noi\\\/wp-content\\\/uploads\\\/2026\\\/03\\\/c61f1e79c8f146af1fe02.jpg\",\"url\":\"https:\\\/\\\/xecuuthuonghanoi.vn\\\/thue-xe-cap-cuu-tai-ha-noi\\\/wp-content\\\/uploads\\\/2026\\\/03\\\/c61f1e79c8f146af1fe02.jpg\",\"contentUrl\":\"https:\\\/\\\/xecuuthuonghanoi.vn\\\/thue-xe-cap-cuu-tai-ha-noi\\\/wp-content\\\/uploads\\\/2026\\\/03\\\/c61f1e79c8f146af1fe02.jpg\",\"width\":512,\"height\":512,\"caption\":\"admin\"},\"logo\":{\"@id\":\"https:\\\/\\\/xecuuthuonghanoi.vn\\\/thue-xe-cap-cuu-tai-ha-noi\\\/wp-content\\\/uploads\\\/2026\\\/03\\\/c61f1e79c8f146af1fe02.jpg\"},\"sameAs\":[\"https:\\\/\\\/xecuuthuonghanoi.vn\\\/thue-xe-cap-cuu-tai-ha-noi\"]}]}<\/script>\n<!-- \/ Yoast SEO plugin. -->","yoast_head_json":{"title":"Li\u00ean h\u1ec7 - Xe C\u1ee9u Th\u01b0\u01a1ng H\u00e0 N\u1ed9i 24\/7 - C\u00f3 Xe Ngay Sau 5-10 Ph\u00fat","robots":{"index":"noindex","follow":"follow","max-snippet":"max-snippet:-1","max-image-preview":"max-image-preview:large","max-video-preview":"max-video-preview:-1"},"og_locale":"vi_VN","og_type":"article","og_title":"Li\u00ean h\u1ec7 - Xe C\u1ee9u Th\u01b0\u01a1ng H\u00e0 N\u1ed9i 24\/7 - C\u00f3 Xe Ngay Sau 5-10 Ph\u00fat","og_description":"Th\u1eddi gian l\u00e0m vi\u1ec7c Ch\u00fang t\u00f4i m\u1edf c\u1eeda t\u1ea5t c\u1ea3 c\u00e1c ng\u00e0y trong tu\u1ea7n, k\u1ec3 c\u1ea3 ng\u00e0y l\u1ec5, T\u1ebft. * G\u1ecdi ngay cho ch\u00fang t\u00f4i! *C\u01b0\u1edbc g\u1ecdi nh\u01b0 c\u00e1c cu\u1ed9c g\u1ecdi th\u00f4ng th\u01b0\u1eddng Ch\u0103m S\u00f3c T\u1eadn T\u00e2m v\u00e0 Nh\u00e2n V\u0103n Ch\u00fang t\u00f4i lu\u00f4n \u0111\u1eb7t s\u1ef1 an to\u00e0n v\u00e0 s\u1ee9c kh\u1ecfe c\u1ee7a b\u1ec7nh nh\u00e2n l\u00ean h\u00e0ng [&hellip;]","og_url":"https:\/\/xecuuthuonghanoi.vn\/thue-xe-cap-cuu-tai-ha-noi\/lien-he\/","og_site_name":"Xe C\u1ee9u Th\u01b0\u01a1ng H\u00e0 N\u1ed9i 24\/7 - C\u00f3 Xe Ngay Sau 5-10 Ph\u00fat","article_modified_time":"2025-09-17T15:27:10+00:00","og_image":[{"width":1024,"height":1024,"url":"https:\/\/xecuuthuonghanoi.vn\/thue-xe-cap-cuu-tai-ha-noi\/wp-content\/uploads\/2026\/03\/6b1ff9792ff1a1aff8e01.jpg","type":"image\/jpeg"}],"twitter_card":"summary_large_image","twitter_misc":{"\u01af\u1edbc t\u00ednh th\u1eddi gian \u0111\u1ecdc":"1 ph\u00fat"},"schema":{"@context":"https:\/\/schema.org","@graph":[{"@type":"WebPage","@id":"https:\/\/xecuuthuonghanoi.vn\/thue-xe-cap-cuu-tai-ha-noi\/lien-he\/","url":"https:\/\/xecuuthuonghanoi.vn\/thue-xe-cap-cuu-tai-ha-noi\/lien-he\/","name":"Li\u00ean h\u1ec7 - Xe C\u1ee9u Th\u01b0\u01a1ng H\u00e0 N\u1ed9i 24\/7 - C\u00f3 Xe Ngay Sau 5-10 Ph\u00fat","isPartOf":{"@id":"https:\/\/xecuuthuonghanoi.vn\/thue-xe-cap-cuu-tai-ha-noi\/#website"},"datePublished":"2025-09-17T11:37:13+00:00","dateModified":"2025-09-17T15:27:10+00:00","breadcrumb":{"@id":"https:\/\/xecuuthuonghanoi.vn\/thue-xe-cap-cuu-tai-ha-noi\/lien-he\/#breadcrumb"},"inLanguage":"vi","potentialAction":[{"@type":"ReadAction","target":["https:\/\/xecuuthuonghanoi.vn\/thue-xe-cap-cuu-tai-ha-noi\/lien-he\/"]}]},{"@type":"BreadcrumbList","@id":"https:\/\/xecuuthuonghanoi.vn\/thue-xe-cap-cuu-tai-ha-noi\/lien-he\/#breadcrumb","itemListElement":[{"@type":"ListItem","position":1,"name":"Trang ch\u1ee7","item":"https:\/\/xecuuthuonghanoi.vn\/thue-xe-cap-cuu-tai-ha-noi\/"},{"@type":"ListItem","position":2,"name":"Li\u00ean h\u1ec7"}]},{"@type":"WebSite","@id":"https:\/\/xecuuthuonghanoi.vn\/thue-xe-cap-cuu-tai-ha-noi\/#website","url":"https:\/\/xecuuthuonghanoi.vn\/thue-xe-cap-cuu-tai-ha-noi\/","name":"D\u1ecbch V\u1ee5 xe C\u1ee9u Th\u01b0\u01a1ng - xe C\u1ea5p C\u1ee9u t\u1ea1i H\u00e0 N\u1ed9i, Nhanh ch\u00f3ng - Uy T\u00edn -Gi\u00e1 R\u1ebb","description":"G\u1ecdi Xe C\u00f3 Ngay - Ph\u1ee5c V\u1ee5 To\u00e0n Qu\u1ed1c","publisher":{"@id":"https:\/\/xecuuthuonghanoi.vn\/thue-xe-cap-cuu-tai-ha-noi\/#\/schema\/person\/c578e0f30c1034926a7b32302f1f13cb"},"potentialAction":[{"@type":"SearchAction","target":{"@type":"EntryPoint","urlTemplate":"https:\/\/xecuuthuonghanoi.vn\/thue-xe-cap-cuu-tai-ha-noi\/?s={search_term_string}"},"query-input":{"@type":"PropertyValueSpecification","valueRequired":true,"valueName":"search_term_string"}}],"inLanguage":"vi"},{"@type":["Person","Organization"],"@id":"https:\/\/xecuuthuonghanoi.vn\/thue-xe-cap-cuu-tai-ha-noi\/#\/schema\/person\/c578e0f30c1034926a7b32302f1f13cb","name":"admin","image":{"@type":"ImageObject","inLanguage":"vi","@id":"https:\/\/xecuuthuonghanoi.vn\/thue-xe-cap-cuu-tai-ha-noi\/wp-content\/uploads\/2026\/03\/c61f1e79c8f146af1fe02.jpg","url":"https:\/\/xecuuthuonghanoi.vn\/thue-xe-cap-cuu-tai-ha-noi\/wp-content\/uploads\/2026\/03\/c61f1e79c8f146af1fe02.jpg","contentUrl":"https:\/\/xecuuthuonghanoi.vn\/thue-xe-cap-cuu-tai-ha-noi\/wp-content\/uploads\/2026\/03\/c61f1e79c8f146af1fe02.jpg","width":512,"height":512,"caption":"admin"},"logo":{"@id":"https:\/\/xecuuthuonghanoi.vn\/thue-xe-cap-cuu-tai-ha-noi\/wp-content\/uploads\/2026\/03\/c61f1e79c8f146af1fe02.jpg"},"sameAs":["https:\/\/xecuuthuonghanoi.vn\/thue-xe-cap-cuu-tai-ha-noi"]}]}},"_links":{"self":[{"href":"https:\/\/xecuuthuonghanoi.vn\/thue-xe-cap-cuu-tai-ha-noi\/wp-json\/wp\/v2\/pages\/11","targetHints":{"allow":["GET"]}}],"collection":[{"href":"https:\/\/xecuuthuonghanoi.vn\/thue-xe-cap-cuu-tai-ha-noi\/wp-json\/wp\/v2\/pages"}],"about":[{"href":"https:\/\/xecuuthuonghanoi.vn\/thue-xe-cap-cuu-tai-ha-noi\/wp-json\/wp\/v2\/types\/page"}],"author":[{"embeddable":true,"href":"https:\/\/xecuuthuonghanoi.vn\/thue-xe-cap-cuu-tai-ha-noi\/wp-json\/wp\/v2\/users\/1"}],"replies":[{"embeddable":true,"href":"https:\/\/xecuuthuonghanoi.vn\/thue-xe-cap-cuu-tai-ha-noi\/wp-json\/wp\/v2\/comments?post=11"}],"version-history":[{"count":10,"href":"https:\/\/xecuuthuonghanoi.vn\/thue-xe-cap-cuu-tai-ha-noi\/wp-json\/wp\/v2\/pages\/11\/revisions"}],"predecessor-version":[{"id":103,"href":"https:\/\/xecuuthuonghanoi.vn\/thue-xe-cap-cuu-tai-ha-noi\/wp-json\/wp\/v2\/pages\/11\/revisions\/103"}],"wp:attachment":[{"href":"https:\/\/xecuuthuonghanoi.vn\/thue-xe-cap-cuu-tai-ha-noi\/wp-json\/wp\/v2\/media?parent=11"}],"curies":[{"name":"wp","href":"https:\/\/api.w.org\/{rel}","templated":true}]}}